{"id":13,"date":"2024-11-12T18:31:58","date_gmt":"2024-11-12T18:31:58","guid":{"rendered":"https:\/\/sedenius-energy.com\/?page_id=13"},"modified":"2025-06-11T13:18:37","modified_gmt":"2025-06-11T13:18:37","slug":"impressum","status":"publish","type":"page","link":"https:\/\/sedenius-energy.com\/index.php\/impressum\/","title":{"rendered":"Impressum"},"content":{"rendered":"\n<p><strong>Verantwortlich f\u00fcr den Inhalt dieser Seiten:<\/strong> <br>Sedenius Energy UG ( haftungsbeschr\u00e4nkt)<br>Goldammerweg 1<br>D \u2013 04159 Leipzig<\/p>\n\n\n\n<p>Gesch\u00e4ftsf\u00fchrer: Philipp Kempe<\/p>\n\n\n\n<p>Tel.: +49(0) TBS<br>E-Mail: info[@]sedenius-energy.com<\/p>\n\n\n\n<p>Registergericht: Amtsgericht Leipzig<br>Registernummer: HRB 31401<\/p>\n\n\n\n<p>Ust-IdNr.: DE300082099<br><\/p>\n\n\n\n<p><strong>Verantwortlich f\u00fcr Design und Programmierung:<\/strong><br>Sedenius Energy UG ( haftungsbeschr\u00e4nkt)<br>Goldammerweg 1<br>D \u2013 04159 Leipzig<\/p>\n\n\n\n<p><strong>Urheberrecht:<\/strong><br>Das Layout der Homepage, die verwendeten Grafiken und Bilder sowie alle Inhalte sind urheberrechtlich gesch\u00fctzt. Alle Rechte zur Vervielf\u00e4ltigung und Verbreitung durch spezielle Verfahren (z. B. Datenverarbeitung, Datentr\u00e4ger und Datennetze), auch in Teilen, bleiben beim Betreiber oder dem jeweiligen Urheber vorbehalten.<\/p>\n\n\n\n<p><strong>Rechtlicher Hinweis und Haftungsausschluss:<\/strong><br>Alle Informationen dienen der pers\u00f6nlichen Information \u2013 eine kommerzielle Nutzung der redaktionellen Beschreibungen\/Strukturierungen sowie die Nutzung von Anwendungen auf anderen Servern als denen des Betreibers ist nur mit ausdr\u00fccklicher Genehmigung der Urheber erlaubt. Es wird keine Haftung f\u00fcr Fehler im Text oder fehlerhafte Links \u00fcbernommen. F\u00fcr die Inhalte der angebotenen Links sind die jeweiligen Betreiber verantwortlich. Eine kommerzielle Nutzung der Daten, wie etwa f\u00fcr den Aufbau eigener Suchsysteme und Dienste und\/oder Verzeichnisse jeglicher Art, ist nicht gestattet. Zudem ist das automatische Auslesen von Daten durch Software verboten.<\/p>\n\n\n\n<p><strong>Haftungsausschluss:<\/strong><br>Der Autor \u00fcbernimmt keine Haftung f\u00fcr die Aktualit\u00e4t, Korrektheit, Vollst\u00e4ndigkeit oder Qualit\u00e4t der bereitgestellten Informationen. Haftungsanspr\u00fcche gegen den Autor, die sich auf Sch\u00e4den materieller oder ideeller Art beziehen, die durch die Nutzung oder Nichtnutzung der dargebotenen Informationen oder durch die Nutzung fehlerhafter oder unvollst\u00e4ndiger Informationen verursacht wurden, sind grunds\u00e4tzlich ausgeschlossen, sofern kein vors\u00e4tzliches oder grob fahrl\u00e4ssiges Verschulden des Autors vorliegt. Alle Angebote sind freibleibend und unverbindlich. Der Autor beh\u00e4lt sich ausdr\u00fccklich vor, Teile der Seiten oder das gesamte Angebot ohne gesonderte Ank\u00fcndigung zu \u00e4ndern, zu erg\u00e4nzen, zu l\u00f6schen oder die Ver\u00f6ffentlichung zeitweise oder endg\u00fcltig einzustellen.<\/p>\n\n\n\n<p><strong>Verweise und Links:<\/strong><br>Der Autor ist nicht verantwortlich f\u00fcr Inhalte, auf die von seinen Seiten aus verlinkt oder verwiesen wird \u2013 es sei denn, er hat vollst\u00e4ndige Kenntnis von illegalen Inhalten und w\u00e4re in der Lage, die Besucher seiner Seite daran zu hindern, diese Seiten anzusehen. Der Autor erkl\u00e4rt hiermit ausdr\u00fccklich, dass zum Zeitpunkt der Linksetzung keine illegalen Inhalte auf den verlinkten Seiten erkennbar waren. Der Autor hat keinerlei Einfluss auf die aktuelle und zuk\u00fcnftige Gestaltung, die Inhalte oder die Urheberschaft der verlinkten Seiten. Er distanziert sich daher ausdr\u00fccklich von allen Inhalten aller verlinkten Seiten, die nach der Linksetzung ver\u00e4ndert wurden. Diese Feststellung gilt f\u00fcr alle innerhalb des eigenen Internetangebots gesetzten Links und Verweise sowie f\u00fcr Fremdeintr\u00e4ge in vom Autor eingerichteten G\u00e4steb\u00fcchern, Diskussionsforen, Linkverzeichnissen, Mailinglisten und in allen anderen Formen von Datenbanken, auf deren Inhalt externe Schreibzugriffe m\u00f6glich sind. F\u00fcr illegale, fehlerhafte oder unvollst\u00e4ndige Inhalte und insbesondere f\u00fcr Sch\u00e4den, die aus der Nutzung oder Nichtnutzung solcher dargebotener Informationen entstehen, haftet allein der Anbieter der Seite, auf welche verwiesen wurde, nicht derjenige, der \u00fcber Links auf die jeweilige Ver\u00f6ffentlichung lediglich verweist.<\/p>\n\n\n\n<p><strong>Datenschutz:<\/strong><br>Wenn die M\u00f6glichkeit zur Eingabe pers\u00f6nlicher oder gesch\u00e4ftlicher Daten (E-Mail-Adressen, Namen, Adressen) besteht, erfolgt die Preisgabe dieser Daten seitens des Nutzers auf ausdr\u00fccklich freiwilliger Basis. Die Inanspruchnahme und Bezahlung aller angebotenen Dienste ist \u2013 soweit technisch m\u00f6glich und zumutbar \u2013 auch ohne Angabe solcher Daten bzw. unter Angabe anonymisierter Daten oder eines Pseudonyms gestattet. Die Nutzung der im Rahmen des Impressums oder vergleichbarer Angaben ver\u00f6ffentlichten Postanschriften, Telefon- und Faxnummern sowie E-Mail-Adressen durch Dritte zur \u00dcbersendung von nicht ausdr\u00fccklich angeforderten Informationen ist nicht gestattet. Rechtliche Schritte gegen die Versender von sogenannten Spam-Mails bei Verst\u00f6\u00dfen gegen dieses Verbot sind ausdr\u00fccklich vorbehalten.<\/p>\n\n\n\n<p><strong>Rechtliche G\u00fcltigkeit dieses Haftungsausschlusses:<\/strong><br>Dieser Haftungsausschluss ist als Teil der Internetver\u00f6ffentlichung zu betrachten, von der aus auf diese Seite verwiesen wurde. Sofern Teile oder einzelne Formulierungen dieses Textes der geltenden Rechtslage nicht, nicht mehr oder nicht vollst\u00e4ndig entsprechen sollten, bleiben die \u00fcbrigen Teile des Dokuments in ihrem Inhalt und ihrer G\u00fcltigkeit davon unber\u00fchrt.<\/p>\n","protected":false},"excerpt":{"rendered":"<p>Verantwortlich f\u00fcr den Inhalt dieser Seiten: Sedenius Energy UG ( haftungsbeschr\u00e4nkt)Goldammerweg 1D \u2013 04159 Leipzig Gesch\u00e4ftsf\u00fchrer: Philipp Kempe Tel.: +49(0) TBSE-Mail: info[@]sedenius-energy.com Registergericht: Amtsgericht LeipzigRegisternummer: HRB 31401 Ust-IdNr.: DE300082099 Verantwortlich f\u00fcr Design und Programmierung:Sedenius Energy UG ( haftungsbeschr\u00e4nkt)Goldammerweg 1D \u2013 04159 Leipzig Urheberrecht:Das Layout der Homepage, die verwendeten Grafiken und Bilder sowie alle Inhalte sind &#8230; <a title=\"Impressum\" class=\"read-more\" href=\"https:\/\/sedenius-energy.com\/index.php\/impressum\/\" aria-label=\"Mehr Informationen \u00fcber Impressum\">Weiterlesen<\/a><\/p>\n","protected":false},"author":1,"featured_media":0,"parent":0,"menu_order":0,"comment_status":"closed","ping_status":"closed","template":"","meta":{"saved_in_kubio":true,"footnotes":""},"class_list":["post-13","page","type-page","status-publish"],"kubio_ai_page_context":{"short_desc":"","purpose":"general"},"yoast_head":"<!-- This site is optimized with the Yoast SEO plugin v27.4 - https:\/\/yoast.com\/product\/yoast-seo-wordpress\/ -->\n<title>Impressum - Intelligente Energiesysteme<\/title>\n<meta name=\"robots\" content=\"index, follow, max-snippet:-1, max-image-preview:large, max-video-preview:-1\" \/>\n<link rel=\"canonical\" href=\"https:\/\/sedenius-energy.com\/index.php\/impressum\/\" \/>\n<meta property=\"og:locale\" content=\"de_DE\" \/>\n<meta property=\"og:type\" content=\"article\" \/>\n<meta property=\"og:title\" content=\"Impressum - Intelligente Energiesysteme\" \/>\n<meta property=\"og:description\" content=\"Verantwortlich f\u00fcr den Inhalt dieser Seiten: Sedenius Energy UG ( haftungsbeschr\u00e4nkt)Goldammerweg 1D \u2013 04159 Leipzig Gesch\u00e4ftsf\u00fchrer: Philipp Kempe Tel.: +49(0) TBSE-Mail: info[@]sedenius-energy.com Registergericht: Amtsgericht LeipzigRegisternummer: HRB 31401 Ust-IdNr.: DE300082099 Verantwortlich f\u00fcr Design und Programmierung:Sedenius Energy UG ( haftungsbeschr\u00e4nkt)Goldammerweg 1D \u2013 04159 Leipzig Urheberrecht:Das Layout der Homepage, die verwendeten Grafiken und Bilder sowie alle Inhalte sind ... Weiterlesen\" \/>\n<meta property=\"og:url\" content=\"https:\/\/sedenius-energy.com\/index.php\/impressum\/\" \/>\n<meta property=\"og:site_name\" content=\"Intelligente Energiesysteme\" \/>\n<meta property=\"article:modified_time\" content=\"2025-06-11T13:18:37+00:00\" \/>\n<meta name=\"twitter:card\" content=\"summary_large_image\" \/>\n<meta name=\"twitter:label1\" content=\"Gesch\u00e4tzte Lesezeit\" \/>\n\t<meta name=\"twitter:data1\" content=\"4\u00a0Minuten\" \/>\n<script type=\"application\/ld+json\" class=\"yoast-schema-graph\">{\"@context\":\"https:\\\/\\\/schema.org\",\"@graph\":[{\"@type\":\"WebPage\",\"@id\":\"https:\\\/\\\/sedenius-energy.com\\\/index.php\\\/impressum\\\/\",\"url\":\"https:\\\/\\\/sedenius-energy.com\\\/index.php\\\/impressum\\\/\",\"name\":\"Impressum - Intelligente Energiesysteme\",\"isPartOf\":{\"@id\":\"https:\\\/\\\/sedenius-energy.com\\\/#website\"},\"datePublished\":\"2024-11-12T18:31:58+00:00\",\"dateModified\":\"2025-06-11T13:18:37+00:00\",\"breadcrumb\":{\"@id\":\"https:\\\/\\\/sedenius-energy.com\\\/index.php\\\/impressum\\\/#breadcrumb\"},\"inLanguage\":\"de\",\"potentialAction\":[{\"@type\":\"ReadAction\",\"target\":[\"https:\\\/\\\/sedenius-energy.com\\\/index.php\\\/impressum\\\/\"]}]},{\"@type\":\"BreadcrumbList\",\"@id\":\"https:\\\/\\\/sedenius-energy.com\\\/index.php\\\/impressum\\\/#breadcrumb\",\"itemListElement\":[{\"@type\":\"ListItem\",\"position\":1,\"name\":\"Startseite\",\"item\":\"https:\\\/\\\/sedenius-energy.com\\\/\"},{\"@type\":\"ListItem\",\"position\":2,\"name\":\"Impressum\"}]},{\"@type\":\"WebSite\",\"@id\":\"https:\\\/\\\/sedenius-energy.com\\\/#website\",\"url\":\"https:\\\/\\\/sedenius-energy.com\\\/\",\"name\":\"Intelligente Energiesysteme\",\"description\":\"\",\"publisher\":{\"@id\":\"https:\\\/\\\/sedenius-energy.com\\\/#organization\"},\"potentialAction\":[{\"@type\":\"SearchAction\",\"target\":{\"@type\":\"EntryPoint\",\"urlTemplate\":\"https:\\\/\\\/sedenius-energy.com\\\/?s={search_term_string}\"},\"query-input\":{\"@type\":\"PropertyValueSpecification\",\"valueRequired\":true,\"valueName\":\"search_term_string\"}}],\"inLanguage\":\"de\"},{\"@type\":\"Organization\",\"@id\":\"https:\\\/\\\/sedenius-energy.com\\\/#organization\",\"name\":\"Intelligente Energiesysteme\",\"url\":\"https:\\\/\\\/sedenius-energy.com\\\/\",\"logo\":{\"@type\":\"ImageObject\",\"inLanguage\":\"de\",\"@id\":\"https:\\\/\\\/sedenius-energy.com\\\/#\\\/schema\\\/logo\\\/image\\\/\",\"url\":\"https:\\\/\\\/sedenius-energy.com\\\/wp-content\\\/uploads\\\/2024\\\/11\\\/cropped-Sedenius-Energy-LOGO_01.jpg\",\"contentUrl\":\"https:\\\/\\\/sedenius-energy.com\\\/wp-content\\\/uploads\\\/2024\\\/11\\\/cropped-Sedenius-Energy-LOGO_01.jpg\",\"width\":1219,\"height\":457,\"caption\":\"Intelligente Energiesysteme\"},\"image\":{\"@id\":\"https:\\\/\\\/sedenius-energy.com\\\/#\\\/schema\\\/logo\\\/image\\\/\"}}]}<\/script>\n<!-- \/ Yoast SEO plugin. -->","yoast_head_json":{"title":"Impressum - Intelligente Energiesysteme","robots":{"index":"index","follow":"follow","max-snippet":"max-snippet:-1","max-image-preview":"max-image-preview:large","max-video-preview":"max-video-preview:-1"},"canonical":"https:\/\/sedenius-energy.com\/index.php\/impressum\/","og_locale":"de_DE","og_type":"article","og_title":"Impressum - Intelligente Energiesysteme","og_description":"Verantwortlich f\u00fcr den Inhalt dieser Seiten: Sedenius Energy UG ( haftungsbeschr\u00e4nkt)Goldammerweg 1D \u2013 04159 Leipzig Gesch\u00e4ftsf\u00fchrer: Philipp Kempe Tel.: +49(0) TBSE-Mail: info[@]sedenius-energy.com Registergericht: Amtsgericht LeipzigRegisternummer: HRB 31401 Ust-IdNr.: DE300082099 Verantwortlich f\u00fcr Design und Programmierung:Sedenius Energy UG ( haftungsbeschr\u00e4nkt)Goldammerweg 1D \u2013 04159 Leipzig Urheberrecht:Das Layout der Homepage, die verwendeten Grafiken und Bilder sowie alle Inhalte sind ... Weiterlesen","og_url":"https:\/\/sedenius-energy.com\/index.php\/impressum\/","og_site_name":"Intelligente Energiesysteme","article_modified_time":"2025-06-11T13:18:37+00:00","twitter_card":"summary_large_image","twitter_misc":{"Gesch\u00e4tzte Lesezeit":"4\u00a0Minuten"},"schema":{"@context":"https:\/\/schema.org","@graph":[{"@type":"WebPage","@id":"https:\/\/sedenius-energy.com\/index.php\/impressum\/","url":"https:\/\/sedenius-energy.com\/index.php\/impressum\/","name":"Impressum - Intelligente Energiesysteme","isPartOf":{"@id":"https:\/\/sedenius-energy.com\/#website"},"datePublished":"2024-11-12T18:31:58+00:00","dateModified":"2025-06-11T13:18:37+00:00","breadcrumb":{"@id":"https:\/\/sedenius-energy.com\/index.php\/impressum\/#breadcrumb"},"inLanguage":"de","potentialAction":[{"@type":"ReadAction","target":["https:\/\/sedenius-energy.com\/index.php\/impressum\/"]}]},{"@type":"BreadcrumbList","@id":"https:\/\/sedenius-energy.com\/index.php\/impressum\/#breadcrumb","itemListElement":[{"@type":"ListItem","position":1,"name":"Startseite","item":"https:\/\/sedenius-energy.com\/"},{"@type":"ListItem","position":2,"name":"Impressum"}]},{"@type":"WebSite","@id":"https:\/\/sedenius-energy.com\/#website","url":"https:\/\/sedenius-energy.com\/","name":"Intelligente Energiesysteme","description":"","publisher":{"@id":"https:\/\/sedenius-energy.com\/#organization"},"potentialAction":[{"@type":"SearchAction","target":{"@type":"EntryPoint","urlTemplate":"https:\/\/sedenius-energy.com\/?s={search_term_string}"},"query-input":{"@type":"PropertyValueSpecification","valueRequired":true,"valueName":"search_term_string"}}],"inLanguage":"de"},{"@type":"Organization","@id":"https:\/\/sedenius-energy.com\/#organization","name":"Intelligente Energiesysteme","url":"https:\/\/sedenius-energy.com\/","logo":{"@type":"ImageObject","inLanguage":"de","@id":"https:\/\/sedenius-energy.com\/#\/schema\/logo\/image\/","url":"https:\/\/sedenius-energy.com\/wp-content\/uploads\/2024\/11\/cropped-Sedenius-Energy-LOGO_01.jpg","contentUrl":"https:\/\/sedenius-energy.com\/wp-content\/uploads\/2024\/11\/cropped-Sedenius-Energy-LOGO_01.jpg","width":1219,"height":457,"caption":"Intelligente Energiesysteme"},"image":{"@id":"https:\/\/sedenius-energy.com\/#\/schema\/logo\/image\/"}}]}},"_links":{"self":[{"href":"https:\/\/sedenius-energy.com\/index.php\/wp-json\/wp\/v2\/pages\/13","targetHints":{"allow":["GET"]}}],"collection":[{"href":"https:\/\/sedenius-energy.com\/index.php\/wp-json\/wp\/v2\/pages"}],"about":[{"href":"https:\/\/sedenius-energy.com\/index.php\/wp-json\/wp\/v2\/types\/page"}],"author":[{"embeddable":true,"href":"https:\/\/sedenius-energy.com\/index.php\/wp-json\/wp\/v2\/users\/1"}],"replies":[{"embeddable":true,"href":"https:\/\/sedenius-energy.com\/index.php\/wp-json\/wp\/v2\/comments?post=13"}],"version-history":[{"count":2,"href":"https:\/\/sedenius-energy.com\/index.php\/wp-json\/wp\/v2\/pages\/13\/revisions"}],"predecessor-version":[{"id":22,"href":"https:\/\/sedenius-energy.com\/index.php\/wp-json\/wp\/v2\/pages\/13\/revisions\/22"}],"wp:attachment":[{"href":"https:\/\/sedenius-energy.com\/index.php\/wp-json\/wp\/v2\/media?parent=13"}],"curies":[{"name":"wp","href":"https:\/\/api.w.org\/{rel}","templated":true}]}}