{"id":17,"date":"2025-06-11T13:20:07","date_gmt":"2025-06-11T13:20:07","guid":{"rendered":"https:\/\/sedenius-energy.com\/?page_id=17"},"modified":"2025-06-11T15:41:01","modified_gmt":"2025-06-11T15:41:01","slug":"bautrockner-mieten-in-leipzig","status":"publish","type":"page","link":"https:\/\/sedenius-energy.com\/index.php\/bautrockner-mieten-in-leipzig\/","title":{"rendered":"Bautrockner mieten in Leipzig"},"content":{"rendered":"\n\n\n\n\n\n\n<h2 class=\"wp-block-heading\">Mietkonditionen<\/h2>\n\n\n\n<p><strong>Preis:<\/strong> 10 EUR Brutto am Tag, 55 EUR Brutto pro Woche, 185 EUR pro Monat ( 4 Wochen)<\/p>\n\n\n\n<p><strong>Kaution:<\/strong> 150\u202f\u20ac in bar oder per \u00dcberweisung<\/p>\n\n\n\n<p><strong>Zubeh\u00f6r inklusive:<\/strong> Ablaufschlauch, Verl\u00e4ngerungskabel<\/p>\n\n\n\n<p><strong>Abholung in Leipzig-Wahren \/ Lindenthal<\/strong><\/p>\n\n\n\n<p><strong>Lieferung auf Wunsch ab 10\u202f\u20ac m\u00f6glich<\/strong> (innerhalb Leipzig)<\/p>\n\n\n\n\n\n\n\n\n","protected":false},"excerpt":{"rendered":"<p>Mietkonditionen Preis: 10 EUR Brutto am Tag, 55 EUR Brutto pro Woche, 185 EUR pro Monat ( 4 Wochen) Kaution: 150\u202f\u20ac in bar oder per \u00dcberweisung Zubeh\u00f6r inklusive: Ablaufschlauch, Verl\u00e4ngerungskabel Abholung in Leipzig-Wahren \/ Lindenthal Lieferung auf Wunsch ab 10\u202f\u20ac m\u00f6glich (innerhalb Leipzig)<\/p>\n","protected":false},"author":1,"featured_media":0,"parent":0,"menu_order":0,"comment_status":"closed","ping_status":"closed","template":"","meta":{"saved_in_kubio":true,"footnotes":""},"class_list":["post-17","page","type-page","status-publish"],"kubio_ai_page_context":{"short_desc":"","purpose":"general"},"yoast_head":"<!-- This site is optimized with the Yoast SEO plugin v27.5 - https:\/\/yoast.com\/product\/yoast-seo-wordpress\/ -->\n<title>Bautrockner mieten in Leipzig - Intelligente Energiesysteme<\/title>\n<meta name=\"robots\" content=\"index, follow, max-snippet:-1, max-image-preview:large, max-video-preview:-1\" \/>\n<link rel=\"canonical\" href=\"https:\/\/sedenius-energy.com\/index.php\/bautrockner-mieten-in-leipzig\/\" \/>\n<meta property=\"og:locale\" content=\"de_DE\" \/>\n<meta property=\"og:type\" content=\"article\" \/>\n<meta property=\"og:title\" content=\"Bautrockner mieten in Leipzig - Intelligente Energiesysteme\" \/>\n<meta property=\"og:description\" content=\"Mietkonditionen Preis: 10 EUR Brutto am Tag, 55 EUR Brutto pro Woche, 185 EUR pro Monat ( 4 Wochen) Kaution: 150\u202f\u20ac in bar oder per \u00dcberweisung Zubeh\u00f6r inklusive: Ablaufschlauch, Verl\u00e4ngerungskabel Abholung in Leipzig-Wahren \/ Lindenthal Lieferung auf Wunsch ab 10\u202f\u20ac m\u00f6glich (innerhalb Leipzig)\" \/>\n<meta property=\"og:url\" content=\"https:\/\/sedenius-energy.com\/index.php\/bautrockner-mieten-in-leipzig\/\" \/>\n<meta property=\"og:site_name\" content=\"Intelligente Energiesysteme\" \/>\n<meta property=\"article:modified_time\" content=\"2025-06-11T15:41:01+00:00\" \/>\n<meta name=\"twitter:card\" content=\"summary_large_image\" \/>\n<script type=\"application\/ld+json\" class=\"yoast-schema-graph\">{\"@context\":\"https:\\\/\\\/schema.org\",\"@graph\":[{\"@type\":\"WebPage\",\"@id\":\"https:\\\/\\\/sedenius-energy.com\\\/index.php\\\/bautrockner-mieten-in-leipzig\\\/\",\"url\":\"https:\\\/\\\/sedenius-energy.com\\\/index.php\\\/bautrockner-mieten-in-leipzig\\\/\",\"name\":\"Bautrockner mieten in Leipzig - Intelligente Energiesysteme\",\"isPartOf\":{\"@id\":\"https:\\\/\\\/sedenius-energy.com\\\/#website\"},\"datePublished\":\"2025-06-11T13:20:07+00:00\",\"dateModified\":\"2025-06-11T15:41:01+00:00\",\"breadcrumb\":{\"@id\":\"https:\\\/\\\/sedenius-energy.com\\\/index.php\\\/bautrockner-mieten-in-leipzig\\\/#breadcrumb\"},\"inLanguage\":\"de\",\"potentialAction\":[{\"@type\":\"ReadAction\",\"target\":[\"https:\\\/\\\/sedenius-energy.com\\\/index.php\\\/bautrockner-mieten-in-leipzig\\\/\"]}]},{\"@type\":\"BreadcrumbList\",\"@id\":\"https:\\\/\\\/sedenius-energy.com\\\/index.php\\\/bautrockner-mieten-in-leipzig\\\/#breadcrumb\",\"itemListElement\":[{\"@type\":\"ListItem\",\"position\":1,\"name\":\"Startseite\",\"item\":\"https:\\\/\\\/sedenius-energy.com\\\/\"},{\"@type\":\"ListItem\",\"position\":2,\"name\":\"Bautrockner mieten in Leipzig\"}]},{\"@type\":\"WebSite\",\"@id\":\"https:\\\/\\\/sedenius-energy.com\\\/#website\",\"url\":\"https:\\\/\\\/sedenius-energy.com\\\/\",\"name\":\"Intelligente Energiesysteme\",\"description\":\"\",\"publisher\":{\"@id\":\"https:\\\/\\\/sedenius-energy.com\\\/#organization\"},\"potentialAction\":[{\"@type\":\"SearchAction\",\"target\":{\"@type\":\"EntryPoint\",\"urlTemplate\":\"https:\\\/\\\/sedenius-energy.com\\\/?s={search_term_string}\"},\"query-input\":{\"@type\":\"PropertyValueSpecification\",\"valueRequired\":true,\"valueName\":\"search_term_string\"}}],\"inLanguage\":\"de\"},{\"@type\":\"Organization\",\"@id\":\"https:\\\/\\\/sedenius-energy.com\\\/#organization\",\"name\":\"Intelligente Energiesysteme\",\"url\":\"https:\\\/\\\/sedenius-energy.com\\\/\",\"logo\":{\"@type\":\"ImageObject\",\"inLanguage\":\"de\",\"@id\":\"https:\\\/\\\/sedenius-energy.com\\\/#\\\/schema\\\/logo\\\/image\\\/\",\"url\":\"https:\\\/\\\/sedenius-energy.com\\\/wp-content\\\/uploads\\\/2024\\\/11\\\/cropped-Sedenius-Energy-LOGO_01.jpg\",\"contentUrl\":\"https:\\\/\\\/sedenius-energy.com\\\/wp-content\\\/uploads\\\/2024\\\/11\\\/cropped-Sedenius-Energy-LOGO_01.jpg\",\"width\":1219,\"height\":457,\"caption\":\"Intelligente Energiesysteme\"},\"image\":{\"@id\":\"https:\\\/\\\/sedenius-energy.com\\\/#\\\/schema\\\/logo\\\/image\\\/\"}}]}<\/script>\n<!-- \/ Yoast SEO plugin. -->","yoast_head_json":{"title":"Bautrockner mieten in Leipzig - Intelligente Energiesysteme","robots":{"index":"index","follow":"follow","max-snippet":"max-snippet:-1","max-image-preview":"max-image-preview:large","max-video-preview":"max-video-preview:-1"},"canonical":"https:\/\/sedenius-energy.com\/index.php\/bautrockner-mieten-in-leipzig\/","og_locale":"de_DE","og_type":"article","og_title":"Bautrockner mieten in Leipzig - Intelligente Energiesysteme","og_description":"Mietkonditionen Preis: 10 EUR Brutto am Tag, 55 EUR Brutto pro Woche, 185 EUR pro Monat ( 4 Wochen) Kaution: 150\u202f\u20ac in bar oder per \u00dcberweisung Zubeh\u00f6r inklusive: Ablaufschlauch, Verl\u00e4ngerungskabel Abholung in Leipzig-Wahren \/ Lindenthal Lieferung auf Wunsch ab 10\u202f\u20ac m\u00f6glich (innerhalb Leipzig)","og_url":"https:\/\/sedenius-energy.com\/index.php\/bautrockner-mieten-in-leipzig\/","og_site_name":"Intelligente Energiesysteme","article_modified_time":"2025-06-11T15:41:01+00:00","twitter_card":"summary_large_image","schema":{"@context":"https:\/\/schema.org","@graph":[{"@type":"WebPage","@id":"https:\/\/sedenius-energy.com\/index.php\/bautrockner-mieten-in-leipzig\/","url":"https:\/\/sedenius-energy.com\/index.php\/bautrockner-mieten-in-leipzig\/","name":"Bautrockner mieten in Leipzig - Intelligente Energiesysteme","isPartOf":{"@id":"https:\/\/sedenius-energy.com\/#website"},"datePublished":"2025-06-11T13:20:07+00:00","dateModified":"2025-06-11T15:41:01+00:00","breadcrumb":{"@id":"https:\/\/sedenius-energy.com\/index.php\/bautrockner-mieten-in-leipzig\/#breadcrumb"},"inLanguage":"de","potentialAction":[{"@type":"ReadAction","target":["https:\/\/sedenius-energy.com\/index.php\/bautrockner-mieten-in-leipzig\/"]}]},{"@type":"BreadcrumbList","@id":"https:\/\/sedenius-energy.com\/index.php\/bautrockner-mieten-in-leipzig\/#breadcrumb","itemListElement":[{"@type":"ListItem","position":1,"name":"Startseite","item":"https:\/\/sedenius-energy.com\/"},{"@type":"ListItem","position":2,"name":"Bautrockner mieten in Leipzig"}]},{"@type":"WebSite","@id":"https:\/\/sedenius-energy.com\/#website","url":"https:\/\/sedenius-energy.com\/","name":"Intelligente Energiesysteme","description":"","publisher":{"@id":"https:\/\/sedenius-energy.com\/#organization"},"potentialAction":[{"@type":"SearchAction","target":{"@type":"EntryPoint","urlTemplate":"https:\/\/sedenius-energy.com\/?s={search_term_string}"},"query-input":{"@type":"PropertyValueSpecification","valueRequired":true,"valueName":"search_term_string"}}],"inLanguage":"de"},{"@type":"Organization","@id":"https:\/\/sedenius-energy.com\/#organization","name":"Intelligente Energiesysteme","url":"https:\/\/sedenius-energy.com\/","logo":{"@type":"ImageObject","inLanguage":"de","@id":"https:\/\/sedenius-energy.com\/#\/schema\/logo\/image\/","url":"https:\/\/sedenius-energy.com\/wp-content\/uploads\/2024\/11\/cropped-Sedenius-Energy-LOGO_01.jpg","contentUrl":"https:\/\/sedenius-energy.com\/wp-content\/uploads\/2024\/11\/cropped-Sedenius-Energy-LOGO_01.jpg","width":1219,"height":457,"caption":"Intelligente Energiesysteme"},"image":{"@id":"https:\/\/sedenius-energy.com\/#\/schema\/logo\/image\/"}}]}},"_links":{"self":[{"href":"https:\/\/sedenius-energy.com\/index.php\/wp-json\/wp\/v2\/pages\/17","targetHints":{"allow":["GET"]}}],"collection":[{"href":"https:\/\/sedenius-energy.com\/index.php\/wp-json\/wp\/v2\/pages"}],"about":[{"href":"https:\/\/sedenius-energy.com\/index.php\/wp-json\/wp\/v2\/types\/page"}],"author":[{"embeddable":true,"href":"https:\/\/sedenius-energy.com\/index.php\/wp-json\/wp\/v2\/users\/1"}],"replies":[{"embeddable":true,"href":"https:\/\/sedenius-energy.com\/index.php\/wp-json\/wp\/v2\/comments?post=17"}],"version-history":[{"count":21,"href":"https:\/\/sedenius-energy.com\/index.php\/wp-json\/wp\/v2\/pages\/17\/revisions"}],"predecessor-version":[{"id":54,"href":"https:\/\/sedenius-energy.com\/index.php\/wp-json\/wp\/v2\/pages\/17\/revisions\/54"}],"wp:attachment":[{"href":"https:\/\/sedenius-energy.com\/index.php\/wp-json\/wp\/v2\/media?parent=17"}],"curies":[{"name":"wp","href":"https:\/\/api.w.org\/{rel}","templated":true}]}}